{"id":12799,"date":"2021-12-04T02:43:08","date_gmt":"2021-12-04T02:43:08","guid":{"rendered":"https:\/\/pressy.neumatic-controlpressy.pe\/request-quote\/"},"modified":"2021-12-04T02:43:08","modified_gmt":"2021-12-04T02:43:08","slug":"request-quote","status":"publish","type":"page","link":"https:\/\/www.soalitec.com\/index.php\/request-quote\/","title":{"rendered":"Solicitar Cotizaci\u00f3n"},"content":{"rendered":"\n<div class=\"woocommerce ywraq-wrapper\">\n\t\t\t<div id=\"yith-ywraq-message\"><div class=\"ywraq-question-message\">\n\t<\/div>\n<\/div>\n\t\t\n\t\t\t\t<div class=\"ywraq-form-table-wrapper \">\n\t\t\t\n<p class=\"ywraq_list_empty_message\">Tu lista est\u00e1 vac\u00eda, a\u00f1ade productos a la lista para enviar una solicitud<p><p class=\"return-to-shop\"><a class=\"button wc-backward\" href=\"https:\/\/www.soalitec.com\/index.php\/productos\/\">Volver a productos<\/a><\/p>\n\t\t\t\t\t<\/div>\n\t<\/div>\n\n","protected":false},"excerpt":{"rendered":"","protected":false},"author":2,"featured_media":0,"parent":0,"menu_order":0,"comment_status":"closed","ping_status":"closed","template":"","meta":{"_joinchat":[],"footnotes":""},"class_list":["post-12799","page","type-page","status-publish","hentry"],"_links":{"self":[{"href":"https:\/\/www.soalitec.com\/index.php\/wp-json\/wp\/v2\/pages\/12799","targetHints":{"allow":["GET"]}}],"collection":[{"href":"https:\/\/www.soalitec.com\/index.php\/wp-json\/wp\/v2\/pages"}],"about":[{"href":"https:\/\/www.soalitec.com\/index.php\/wp-json\/wp\/v2\/types\/page"}],"author":[{"embeddable":true,"href":"https:\/\/www.soalitec.com\/index.php\/wp-json\/wp\/v2\/users\/2"}],"replies":[{"embeddable":true,"href":"https:\/\/www.soalitec.com\/index.php\/wp-json\/wp\/v2\/comments?post=12799"}],"version-history":[{"count":0,"href":"https:\/\/www.soalitec.com\/index.php\/wp-json\/wp\/v2\/pages\/12799\/revisions"}],"wp:attachment":[{"href":"https:\/\/www.soalitec.com\/index.php\/wp-json\/wp\/v2\/media?parent=12799"}],"curies":[{"name":"wp","href":"https:\/\/api.w.org\/{rel}","templated":true}]}}