{"id":13750,"date":"2022-09-05T14:31:47","date_gmt":"2022-09-05T14:31:47","guid":{"rendered":"https:\/\/www.soalitec.com\/?post_type=product&#038;p=13750"},"modified":"2022-09-05T14:31:47","modified_gmt":"2022-09-05T14:31:47","slug":"dosificador-automatico-de-cabezales-multiples","status":"publish","type":"product","link":"https:\/\/www.soalitec.com\/index.php\/producto\/dosificador-automatico-de-cabezales-multiples\/","title":{"rendered":"DOSIFICADOR AUTOM\u00c1TICO DE CABEZALES M\u00daLTIPLES"},"content":{"rendered":"","protected":false},"excerpt":{"rendered":"<p>Equipo dosificador que permite llenar bandejas por peso, perfeccionando y optimizando el proceso final de las l\u00edneas de producci\u00f3n. Su excelente precisi\u00f3n y homogeneidad lo posicionan como una soluci\u00f3n ideal para la industria hortofrut\u00edcola.<\/p>\n<p>Descripci\u00f3n<br \/>\nEl dosificador autom\u00e1tico de cabezales m\u00faltiples es un equipo modular que combina la precisi\u00f3n de los sistemas de dosificaci\u00f3n y pesaje.<br \/>\nLa tolva de entrada recibe el producto de forma manual o autom\u00e1tica. A continuaci\u00f3n, un sistema digital dirige las bandejas a la parte inferior de los dosificadores. \u00c9stos vierten el producto en el interior de los recipientes en dos fases. En la fase de dosificado grueso se vierte el producto obteniendo un peso inferior al estipulado. Despu\u00e9s, en la fase de dosificado fino, se va dosificando el producto pieza por pieza hasta conseguir la cantidad deseada. Gracias a este sistema de regulaci\u00f3n y dosificaci\u00f3n, Veserkal asegura una cantidad exacta en cada bandeja.<br \/>\nEl dosificador autom\u00e1tico permite adaptar el n\u00famero de cabezales y el tama\u00f1o de las bandejas a las necesidades espec\u00edficas de cada cliente.<\/p>\n<p><a href=\"https:\/\/soalitec.com\/wp-content\/uploads\/catalogos\/DOSIFICADORES.pdf\"><img loading=\"lazy\" decoding=\"async\" class=\"alignnone size-full wp-image-13720\" src=\"https:\/\/www.soalitec.com\/wp-content\/uploads\/2022\/08\/descargar-catalogo.png\" alt=\"\" width=\"208\" height=\"43\" srcset=\"https:\/\/www.soalitec.com\/wp-content\/uploads\/2022\/08\/descargar-catalogo.png 208w, https:\/\/www.soalitec.com\/wp-content\/uploads\/2022\/08\/descargar-catalogo-200x41.png 200w, https:\/\/www.soalitec.com\/wp-content\/uploads\/2022\/08\/descargar-catalogo-150x31.png 150w\" sizes=\"auto, (max-width: 208px) 100vw, 208px\" \/><\/a><\/p>\n<p>https:\/\/vimeo.com\/159079404?embedded=true&amp;source=vimeo_logo&amp;owner=30104772<\/p>\n","protected":false},"featured_media":13751,"comment_status":"closed","ping_status":"closed","template":"","meta":{"_joinchat":[]},"product_cat":[55],"product_tag":[],"class_list":["post-13750","product","type-product","status-publish","has-post-thumbnail","hentry","product_cat-dosificadores"],"_links":{"self":[{"href":"https:\/\/www.soalitec.com\/index.php\/wp-json\/wp\/v2\/product\/13750","targetHints":{"allow":["GET"]}}],"collection":[{"href":"https:\/\/www.soalitec.com\/index.php\/wp-json\/wp\/v2\/product"}],"about":[{"href":"https:\/\/www.soalitec.com\/index.php\/wp-json\/wp\/v2\/types\/product"}],"replies":[{"embeddable":true,"href":"https:\/\/www.soalitec.com\/index.php\/wp-json\/wp\/v2\/comments?post=13750"}],"wp:featuredmedia":[{"embeddable":true,"href":"https:\/\/www.soalitec.com\/index.php\/wp-json\/wp\/v2\/media\/13751"}],"wp:attachment":[{"href":"https:\/\/www.soalitec.com\/index.php\/wp-json\/wp\/v2\/media?parent=13750"}],"wp:term":[{"taxonomy":"product_cat","embeddable":true,"href":"https:\/\/www.soalitec.com\/index.php\/wp-json\/wp\/v2\/product_cat?post=13750"},{"taxonomy":"product_tag","embeddable":true,"href":"https:\/\/www.soalitec.com\/index.php\/wp-json\/wp\/v2\/product_tag?post=13750"}],"curies":[{"name":"wp","href":"https:\/\/api.w.org\/{rel}","templated":true}]}}