{"id":13758,"date":"2022-09-05T14:40:21","date_gmt":"2022-09-05T14:40:21","guid":{"rendered":"https:\/\/www.soalitec.com\/?post_type=product&#038;p=13758"},"modified":"2022-09-05T14:40:21","modified_gmt":"2022-09-05T14:40:21","slug":"dosificador-para-llenado-de-cajas","status":"publish","type":"product","link":"https:\/\/www.soalitec.com\/index.php\/producto\/dosificador-para-llenado-de-cajas\/","title":{"rendered":"DOSIFICADOR PARA LLENADO DE CAJAS"},"content":{"rendered":"","protected":false},"excerpt":{"rendered":"<p>Este mecanismo permite, gracias a su precisi\u00f3n y homogeneidad, el llenado de cajas por peso en el proceso final de envasado que se desarrolla en las l\u00edneas de producci\u00f3n.<\/p>\n<p>Descripci\u00f3n<br \/>\nEsta soluci\u00f3n es modular y se caracteriza por combinar la precisi\u00f3n de los sistemas de dosificaci\u00f3n y pesaje. Entre los diversos mecanismos que la forman destacan: el transportador de entrada, la tolva de acumulaci\u00f3n, el transportador dosificador, la tolva de pesaje, la b\u00e1scula de precisi\u00f3n, el transportador de entrada de cajas vac\u00edas y el transportador de salida de cajas llenas.<br \/>\nSe recepciona el producto de forma manual o autom\u00e1tica desde la tolva de acumulaci\u00f3n. A continuaci\u00f3n, se conduce el producto hasta los transportadores de dosificado; al mismo tiempo el transportador vierte el producto en el interior de las tolvas de dosificado. En la fase de dosificado grueso, se vierte el producto obteniendo un peso inferior al estipulado. Despu\u00e9s, en la fase de dosificado fino, se va dosificando el producto pieza por pieza hasta conseguir la cantidad deseada. Gracias a este sistema de regulaci\u00f3n y dosificaci\u00f3n, se asegura una cantidad precisa en cada caja.<br \/>\nEl dosificador autom\u00e1tico permite adaptar el n\u00famero de cabezales y el tama\u00f1o de las cajas a las necesidades espec\u00edficas de cada cliente.<\/p>\n<p><a href=\"https:\/\/soalitec.com\/wp-content\/uploads\/catalogos\/DOSIFICADORES.pdf\"><img loading=\"lazy\" decoding=\"async\" class=\"alignnone size-full wp-image-13720\" src=\"https:\/\/www.soalitec.com\/wp-content\/uploads\/2022\/08\/descargar-catalogo.png\" alt=\"\" width=\"208\" height=\"43\" srcset=\"https:\/\/www.soalitec.com\/wp-content\/uploads\/2022\/08\/descargar-catalogo.png 208w, https:\/\/www.soalitec.com\/wp-content\/uploads\/2022\/08\/descargar-catalogo-200x41.png 200w, https:\/\/www.soalitec.com\/wp-content\/uploads\/2022\/08\/descargar-catalogo-150x31.png 150w\" sizes=\"auto, (max-width: 208px) 100vw, 208px\" \/><\/a><\/p>\n<p>https:\/\/vimeo.com\/101280298?embedded=true&amp;source=vimeo_logo&amp;owner=30104772<\/p>\n","protected":false},"featured_media":13759,"comment_status":"closed","ping_status":"closed","template":"","meta":{"_joinchat":[]},"product_cat":[55],"product_tag":[],"class_list":["post-13758","product","type-product","status-publish","has-post-thumbnail","hentry","product_cat-dosificadores"],"_links":{"self":[{"href":"https:\/\/www.soalitec.com\/index.php\/wp-json\/wp\/v2\/product\/13758","targetHints":{"allow":["GET"]}}],"collection":[{"href":"https:\/\/www.soalitec.com\/index.php\/wp-json\/wp\/v2\/product"}],"about":[{"href":"https:\/\/www.soalitec.com\/index.php\/wp-json\/wp\/v2\/types\/product"}],"replies":[{"embeddable":true,"href":"https:\/\/www.soalitec.com\/index.php\/wp-json\/wp\/v2\/comments?post=13758"}],"wp:featuredmedia":[{"embeddable":true,"href":"https:\/\/www.soalitec.com\/index.php\/wp-json\/wp\/v2\/media\/13759"}],"wp:attachment":[{"href":"https:\/\/www.soalitec.com\/index.php\/wp-json\/wp\/v2\/media?parent=13758"}],"wp:term":[{"taxonomy":"product_cat","embeddable":true,"href":"https:\/\/www.soalitec.com\/index.php\/wp-json\/wp\/v2\/product_cat?post=13758"},{"taxonomy":"product_tag","embeddable":true,"href":"https:\/\/www.soalitec.com\/index.php\/wp-json\/wp\/v2\/product_tag?post=13758"}],"curies":[{"name":"wp","href":"https:\/\/api.w.org\/{rel}","templated":true}]}}